{"id":46021,"date":"2003-06-19T17:50:59","date_gmt":"2003-06-19T15:50:59","guid":{"rendered":"https:\/\/www.csi.gov.mg\/centredoc\/?post_type=product&#038;p=46021"},"modified":"2023-10-30T19:50:54","modified_gmt":"2023-10-30T18:50:54","slug":"cadre-integre-diagnostique-sur-lintegration-du-commerce","status":"publish","type":"product","link":"https:\/\/www.csi.gov.mg\/centredoc\/?product=cadre-integre-diagnostique-sur-lintegration-du-commerce","title":{"rendered":"MADAGASCAR &#8211; Cadre Int\u00e9gr\u00e9 Diagnostique sur l&#8217;Int\u00e9gration du Commerce"},"content":{"rendered":"","protected":false},"excerpt":{"rendered":"<p>Cadre Int\u00e9gr\u00e9 Diagnostique sur l&#8217;Int\u00e9gration du Commerce \u00e0 Madagascar<\/p>\n<p>TOME 1 &#8211; 7 Chapitres<\/p>\n","protected":false},"featured_media":45972,"template":"","meta":[],"product_brand":[153,154],"product_cat":[165,164,170,166,160],"product_tag":[],"class_list":{"0":"post-46021","1":"product","2":"type-product","3":"status-publish","4":"has-post-thumbnail","6":"product_brand-ouvrage","7":"product_brand-rapport","8":"product_cat-commerce","9":"product_cat-developpement","10":"product_cat-economie","11":"product_cat-entrepreunariat","12":"product_cat-sciences-economiques","15":"first","16":"instock","17":"shipping-taxable","18":"product-type-simple"},"_links":{"self":[{"href":"https:\/\/www.csi.gov.mg\/centredoc\/index.php?rest_route=\/wp\/v2\/product\/46021","targetHints":{"allow":["GET"]}}],"collection":[{"href":"https:\/\/www.csi.gov.mg\/centredoc\/index.php?rest_route=\/wp\/v2\/product"}],"about":[{"href":"https:\/\/www.csi.gov.mg\/centredoc\/index.php?rest_route=\/wp\/v2\/types\/product"}],"wp:featuredmedia":[{"embeddable":true,"href":"https:\/\/www.csi.gov.mg\/centredoc\/index.php?rest_route=\/wp\/v2\/media\/45972"}],"wp:attachment":[{"href":"https:\/\/www.csi.gov.mg\/centredoc\/index.php?rest_route=%2Fwp%2Fv2%2Fmedia&parent=46021"}],"wp:term":[{"taxonomy":"product_brand","embeddable":true,"href":"https:\/\/www.csi.gov.mg\/centredoc\/index.php?rest_route=%2Fwp%2Fv2%2Fproduct_brand&post=46021"},{"taxonomy":"product_cat","embeddable":true,"href":"https:\/\/www.csi.gov.mg\/centredoc\/index.php?rest_route=%2Fwp%2Fv2%2Fproduct_cat&post=46021"},{"taxonomy":"product_tag","embeddable":true,"href":"https:\/\/www.csi.gov.mg\/centredoc\/index.php?rest_route=%2Fwp%2Fv2%2Fproduct_tag&post=46021"}],"curies":[{"name":"wp","href":"https:\/\/api.w.org\/{rel}","templated":true}]}}