{"id":46024,"date":"2003-01-01T18:11:45","date_gmt":"2003-01-01T17:11:45","guid":{"rendered":"https:\/\/www.csi.gov.mg\/centredoc\/?post_type=product&#038;p=46024"},"modified":"2023-10-30T21:32:16","modified_gmt":"2023-10-30T20:32:16","slug":"impot-foncier-sur-les-terrains-ift","status":"publish","type":"product","link":"https:\/\/www.csi.gov.mg\/centredoc\/?product=impot-foncier-sur-les-terrains-ift","title":{"rendered":"Imp\u00f4t Foncier sur les Terrains (IFT)"},"content":{"rendered":"","protected":false},"excerpt":{"rendered":"<p>Ce document explore les dispositions fiscales et les r\u00e9glementations li\u00e9es \u00e0 la fiscalit\u00e9 fonci\u00e8re sur les terrains \u00e0 Madagascar.<\/p>\n","protected":false},"featured_media":45976,"template":"","meta":[],"product_brand":[191,158,156],"product_cat":[162,164,170,161,163,160],"product_tag":[],"class_list":{"0":"post-46024","1":"product","2":"type-product","3":"status-publish","4":"has-post-thumbnail","6":"product_brand-autres","7":"product_brand-referentiel","8":"product_brand-usuel","9":"product_cat-commune","10":"product_cat-developpement","11":"product_cat-economie","12":"product_cat-finances","13":"product_cat-impot","14":"product_cat-sciences-economiques","17":"first","18":"instock","19":"featured","20":"shipping-taxable","21":"product-type-simple"},"_links":{"self":[{"href":"https:\/\/www.csi.gov.mg\/centredoc\/index.php?rest_route=\/wp\/v2\/product\/46024","targetHints":{"allow":["GET"]}}],"collection":[{"href":"https:\/\/www.csi.gov.mg\/centredoc\/index.php?rest_route=\/wp\/v2\/product"}],"about":[{"href":"https:\/\/www.csi.gov.mg\/centredoc\/index.php?rest_route=\/wp\/v2\/types\/product"}],"wp:featuredmedia":[{"embeddable":true,"href":"https:\/\/www.csi.gov.mg\/centredoc\/index.php?rest_route=\/wp\/v2\/media\/45976"}],"wp:attachment":[{"href":"https:\/\/www.csi.gov.mg\/centredoc\/index.php?rest_route=%2Fwp%2Fv2%2Fmedia&parent=46024"}],"wp:term":[{"taxonomy":"product_brand","embeddable":true,"href":"https:\/\/www.csi.gov.mg\/centredoc\/index.php?rest_route=%2Fwp%2Fv2%2Fproduct_brand&post=46024"},{"taxonomy":"product_cat","embeddable":true,"href":"https:\/\/www.csi.gov.mg\/centredoc\/index.php?rest_route=%2Fwp%2Fv2%2Fproduct_cat&post=46024"},{"taxonomy":"product_tag","embeddable":true,"href":"https:\/\/www.csi.gov.mg\/centredoc\/index.php?rest_route=%2Fwp%2Fv2%2Fproduct_tag&post=46024"}],"curies":[{"name":"wp","href":"https:\/\/api.w.org\/{rel}","templated":true}]}}