{"id":46025,"date":"2005-01-01T18:19:09","date_gmt":"2005-01-01T17:19:09","guid":{"rendered":"https:\/\/www.csi.gov.mg\/centredoc\/?post_type=product&#038;p=46025"},"modified":"2023-10-30T21:28:42","modified_gmt":"2023-10-30T20:28:42","slug":"code-des-douanes","status":"publish","type":"product","link":"https:\/\/www.csi.gov.mg\/centredoc\/?product=code-des-douanes","title":{"rendered":"Code des Douanes"},"content":{"rendered":"","protected":false},"excerpt":{"rendered":"<p>Ce document pr\u00e9sente de mani\u00e8re compl\u00e8te et d\u00e9taill\u00e9e les r\u00e9glementations douani\u00e8res en vigueur dans le pays, fournissant une ressource essentielle pour comprendre les proc\u00e9dures et les obligations douani\u00e8res \u00e0 Madagascar.<\/p>\n","protected":false},"featured_media":45977,"template":"","meta":[],"product_brand":[191,158,156],"product_cat":[167,170,161,160],"product_tag":[],"class_list":{"0":"post-46025","1":"product","2":"type-product","3":"status-publish","4":"has-post-thumbnail","6":"product_brand-autres","7":"product_brand-referentiel","8":"product_brand-usuel","9":"product_cat-douanes","10":"product_cat-economie","11":"product_cat-finances","12":"product_cat-sciences-economiques","15":"first","16":"instock","17":"featured","18":"shipping-taxable","19":"product-type-simple"},"_links":{"self":[{"href":"https:\/\/www.csi.gov.mg\/centredoc\/index.php?rest_route=\/wp\/v2\/product\/46025","targetHints":{"allow":["GET"]}}],"collection":[{"href":"https:\/\/www.csi.gov.mg\/centredoc\/index.php?rest_route=\/wp\/v2\/product"}],"about":[{"href":"https:\/\/www.csi.gov.mg\/centredoc\/index.php?rest_route=\/wp\/v2\/types\/product"}],"wp:featuredmedia":[{"embeddable":true,"href":"https:\/\/www.csi.gov.mg\/centredoc\/index.php?rest_route=\/wp\/v2\/media\/45977"}],"wp:attachment":[{"href":"https:\/\/www.csi.gov.mg\/centredoc\/index.php?rest_route=%2Fwp%2Fv2%2Fmedia&parent=46025"}],"wp:term":[{"taxonomy":"product_brand","embeddable":true,"href":"https:\/\/www.csi.gov.mg\/centredoc\/index.php?rest_route=%2Fwp%2Fv2%2Fproduct_brand&post=46025"},{"taxonomy":"product_cat","embeddable":true,"href":"https:\/\/www.csi.gov.mg\/centredoc\/index.php?rest_route=%2Fwp%2Fv2%2Fproduct_cat&post=46025"},{"taxonomy":"product_tag","embeddable":true,"href":"https:\/\/www.csi.gov.mg\/centredoc\/index.php?rest_route=%2Fwp%2Fv2%2Fproduct_tag&post=46025"}],"curies":[{"name":"wp","href":"https:\/\/api.w.org\/{rel}","templated":true}]}}