{"id":46026,"date":"2006-01-01T18:20:08","date_gmt":"2006-01-01T17:20:08","guid":{"rendered":"https:\/\/www.csi.gov.mg\/centredoc\/?post_type=product&#038;p=46026"},"modified":"2023-10-30T21:32:48","modified_gmt":"2023-10-30T20:32:48","slug":"le-developpement-durable-monde-daujourdhui","status":"publish","type":"product","link":"https:\/\/www.csi.gov.mg\/centredoc\/?product=le-developpement-durable-monde-daujourdhui","title":{"rendered":"Le d\u00e9veloppement durable. Monde d&#8217;aujourd&#8217;hui"},"content":{"rendered":"","protected":false},"excerpt":{"rendered":"<p>Le livre &#8220;Le d\u00e9veloppement durable&#8221; de Sylvain Allemand explore de mani\u00e8re concise et approfondie les concepts, les enjeux et les actions cl\u00e9s li\u00e9s \u00e0 la promotion d&#8217;un avenir plus durable pour notre plan\u00e8te.<\/p>\n<p><strong>Auteur :<\/strong> ALLEMAND Sylvain<\/p>\n","protected":false},"featured_media":45978,"template":"","meta":[],"product_brand":[153],"product_cat":[169,164,170,168,160],"product_tag":[],"class_list":{"0":"post-46026","1":"product","2":"type-product","3":"status-publish","4":"has-post-thumbnail","6":"product_brand-ouvrage","7":"product_cat-changement-climatique","8":"product_cat-developpement","9":"product_cat-economie","10":"product_cat-environnement","11":"product_cat-sciences-economiques","14":"first","15":"instock","16":"featured","17":"shipping-taxable","18":"product-type-simple"},"_links":{"self":[{"href":"https:\/\/www.csi.gov.mg\/centredoc\/index.php?rest_route=\/wp\/v2\/product\/46026","targetHints":{"allow":["GET"]}}],"collection":[{"href":"https:\/\/www.csi.gov.mg\/centredoc\/index.php?rest_route=\/wp\/v2\/product"}],"about":[{"href":"https:\/\/www.csi.gov.mg\/centredoc\/index.php?rest_route=\/wp\/v2\/types\/product"}],"wp:featuredmedia":[{"embeddable":true,"href":"https:\/\/www.csi.gov.mg\/centredoc\/index.php?rest_route=\/wp\/v2\/media\/45978"}],"wp:attachment":[{"href":"https:\/\/www.csi.gov.mg\/centredoc\/index.php?rest_route=%2Fwp%2Fv2%2Fmedia&parent=46026"}],"wp:term":[{"taxonomy":"product_brand","embeddable":true,"href":"https:\/\/www.csi.gov.mg\/centredoc\/index.php?rest_route=%2Fwp%2Fv2%2Fproduct_brand&post=46026"},{"taxonomy":"product_cat","embeddable":true,"href":"https:\/\/www.csi.gov.mg\/centredoc\/index.php?rest_route=%2Fwp%2Fv2%2Fproduct_cat&post=46026"},{"taxonomy":"product_tag","embeddable":true,"href":"https:\/\/www.csi.gov.mg\/centredoc\/index.php?rest_route=%2Fwp%2Fv2%2Fproduct_tag&post=46026"}],"curies":[{"name":"wp","href":"https:\/\/api.w.org\/{rel}","templated":true}]}}