{"id":46030,"date":"2003-01-01T18:37:35","date_gmt":"2003-01-01T17:37:35","guid":{"rendered":"https:\/\/www.csi.gov.mg\/centredoc\/?post_type=product&#038;p=46030"},"modified":"2023-10-30T21:30:12","modified_gmt":"2023-10-30T20:30:12","slug":"i-b-s-impot-sur-les-benefices-des-societes","status":"publish","type":"product","link":"https:\/\/www.csi.gov.mg\/centredoc\/?product=i-b-s-impot-sur-les-benefices-des-societes","title":{"rendered":"I.B.S. : Imp\u00f4t sur les B\u00e9n\u00e9fices des Soci\u00e9t\u00e9s."},"content":{"rendered":"","protected":false},"excerpt":{"rendered":"<p>In Conseil Fiscal Priv\u00e9, Code G\u00e9n\u00e9ral des Imp\u00f4ts.<\/p>\n<p><strong>Auteur :<\/strong> Bureau d&#8217;Assistance Fiscale (BAF)<\/p>\n","protected":false},"featured_media":45986,"template":"","meta":[],"product_brand":[158],"product_cat":[161,163,176],"product_tag":[],"class_list":{"0":"post-46030","1":"product","2":"type-product","3":"status-publish","4":"has-post-thumbnail","6":"product_brand-referentiel","7":"product_cat-finances","8":"product_cat-impot","9":"product_cat-parlementaire","12":"first","13":"instock","14":"featured","15":"shipping-taxable","16":"product-type-simple"},"_links":{"self":[{"href":"https:\/\/www.csi.gov.mg\/centredoc\/index.php?rest_route=\/wp\/v2\/product\/46030","targetHints":{"allow":["GET"]}}],"collection":[{"href":"https:\/\/www.csi.gov.mg\/centredoc\/index.php?rest_route=\/wp\/v2\/product"}],"about":[{"href":"https:\/\/www.csi.gov.mg\/centredoc\/index.php?rest_route=\/wp\/v2\/types\/product"}],"wp:featuredmedia":[{"embeddable":true,"href":"https:\/\/www.csi.gov.mg\/centredoc\/index.php?rest_route=\/wp\/v2\/media\/45986"}],"wp:attachment":[{"href":"https:\/\/www.csi.gov.mg\/centredoc\/index.php?rest_route=%2Fwp%2Fv2%2Fmedia&parent=46030"}],"wp:term":[{"taxonomy":"product_brand","embeddable":true,"href":"https:\/\/www.csi.gov.mg\/centredoc\/index.php?rest_route=%2Fwp%2Fv2%2Fproduct_brand&post=46030"},{"taxonomy":"product_cat","embeddable":true,"href":"https:\/\/www.csi.gov.mg\/centredoc\/index.php?rest_route=%2Fwp%2Fv2%2Fproduct_cat&post=46030"},{"taxonomy":"product_tag","embeddable":true,"href":"https:\/\/www.csi.gov.mg\/centredoc\/index.php?rest_route=%2Fwp%2Fv2%2Fproduct_tag&post=46030"}],"curies":[{"name":"wp","href":"https:\/\/api.w.org\/{rel}","templated":true}]}}