{"id":46032,"date":"2003-01-01T18:49:30","date_gmt":"2003-01-01T17:49:30","guid":{"rendered":"https:\/\/www.csi.gov.mg\/centredoc\/?post_type=product&#038;p=46032"},"modified":"2023-10-30T21:33:25","modified_gmt":"2023-10-30T20:33:25","slug":"sept-priorites-pour-developper-madagascar","status":"publish","type":"product","link":"https:\/\/www.csi.gov.mg\/centredoc\/?product=sept-priorites-pour-developper-madagascar","title":{"rendered":"Sept priorit\u00e9s pour d\u00e9velopper Madagascar"},"content":{"rendered":"","protected":false},"excerpt":{"rendered":"<p>Les septs priorit\u00e9s retenues sont les suivantes : r\u00e9unir les conditions d&#8217;une maternit\u00e9 responsable, arr\u00eater le massacre dans les EPP, alphab\u00e9tiser la totalit\u00e9 des adolescents, dynamiser les communes rurales, mettre en place une \u00e9conomie sociale performante, construire une ing\u00e9nierie sociale.<\/p>\n<p><strong>Auteur :<\/strong> Guy BELLONCLE (Foi et Justice)<\/p>\n","protected":false},"featured_media":45988,"template":"","meta":[],"product_brand":[153],"product_cat":[177,170,160,178,179],"product_tag":[],"class_list":{"0":"post-46032","1":"product","2":"type-product","3":"status-publish","4":"has-post-thumbnail","6":"product_brand-ouvrage","7":"product_cat-developpement-rural","8":"product_cat-economie","9":"product_cat-sciences-economiques","10":"product_cat-sciences-sociales","11":"product_cat-sociologie","14":"first","15":"instock","16":"featured","17":"shipping-taxable","18":"product-type-simple"},"_links":{"self":[{"href":"https:\/\/www.csi.gov.mg\/centredoc\/index.php?rest_route=\/wp\/v2\/product\/46032","targetHints":{"allow":["GET"]}}],"collection":[{"href":"https:\/\/www.csi.gov.mg\/centredoc\/index.php?rest_route=\/wp\/v2\/product"}],"about":[{"href":"https:\/\/www.csi.gov.mg\/centredoc\/index.php?rest_route=\/wp\/v2\/types\/product"}],"wp:featuredmedia":[{"embeddable":true,"href":"https:\/\/www.csi.gov.mg\/centredoc\/index.php?rest_route=\/wp\/v2\/media\/45988"}],"wp:attachment":[{"href":"https:\/\/www.csi.gov.mg\/centredoc\/index.php?rest_route=%2Fwp%2Fv2%2Fmedia&parent=46032"}],"wp:term":[{"taxonomy":"product_brand","embeddable":true,"href":"https:\/\/www.csi.gov.mg\/centredoc\/index.php?rest_route=%2Fwp%2Fv2%2Fproduct_brand&post=46032"},{"taxonomy":"product_cat","embeddable":true,"href":"https:\/\/www.csi.gov.mg\/centredoc\/index.php?rest_route=%2Fwp%2Fv2%2Fproduct_cat&post=46032"},{"taxonomy":"product_tag","embeddable":true,"href":"https:\/\/www.csi.gov.mg\/centredoc\/index.php?rest_route=%2Fwp%2Fv2%2Fproduct_tag&post=46032"}],"curies":[{"name":"wp","href":"https:\/\/api.w.org\/{rel}","templated":true}]}}