{"id":46033,"date":"2007-01-01T18:58:34","date_gmt":"2007-01-01T17:58:34","guid":{"rendered":"https:\/\/www.csi.gov.mg\/centredoc\/?post_type=product&#038;p=46033"},"modified":"2023-10-30T18:58:47","modified_gmt":"2023-10-30T17:58:47","slug":"bad-madagascar-30-annees-de-partenariat","status":"publish","type":"product","link":"https:\/\/www.csi.gov.mg\/centredoc\/?product=bad-madagascar-30-annees-de-partenariat","title":{"rendered":"BAD-MADAGASCAR. 30 ann\u00e9es de partenariat"},"content":{"rendered":"","protected":false},"excerpt":{"rendered":"<p>Au cours de ces 30 derni\u00e8res ann\u00e9es, la BAD a soutenu le d\u00e9veloppement du Madagascar \u00e0 travers un large \u00e9ventail de projets et d&#8217;initiatives.<\/p>\n<p><strong>Auteur :<\/strong> Banque Africaine de D\u00e9veloppement (BAD)<\/p>\n","protected":false},"featured_media":45990,"template":"","meta":[],"product_brand":[157,153],"product_cat":[164,180,161,181,160],"product_tag":[],"class_list":{"0":"post-46033","1":"product","2":"type-product","3":"status-publish","4":"has-post-thumbnail","6":"product_brand-brochure","7":"product_brand-ouvrage","8":"product_cat-developpement","9":"product_cat-financement","10":"product_cat-finances","11":"product_cat-partenariat","12":"product_cat-sciences-economiques","15":"first","16":"instock","17":"shipping-taxable","18":"product-type-simple"},"_links":{"self":[{"href":"https:\/\/www.csi.gov.mg\/centredoc\/index.php?rest_route=\/wp\/v2\/product\/46033","targetHints":{"allow":["GET"]}}],"collection":[{"href":"https:\/\/www.csi.gov.mg\/centredoc\/index.php?rest_route=\/wp\/v2\/product"}],"about":[{"href":"https:\/\/www.csi.gov.mg\/centredoc\/index.php?rest_route=\/wp\/v2\/types\/product"}],"wp:featuredmedia":[{"embeddable":true,"href":"https:\/\/www.csi.gov.mg\/centredoc\/index.php?rest_route=\/wp\/v2\/media\/45990"}],"wp:attachment":[{"href":"https:\/\/www.csi.gov.mg\/centredoc\/index.php?rest_route=%2Fwp%2Fv2%2Fmedia&parent=46033"}],"wp:term":[{"taxonomy":"product_brand","embeddable":true,"href":"https:\/\/www.csi.gov.mg\/centredoc\/index.php?rest_route=%2Fwp%2Fv2%2Fproduct_brand&post=46033"},{"taxonomy":"product_cat","embeddable":true,"href":"https:\/\/www.csi.gov.mg\/centredoc\/index.php?rest_route=%2Fwp%2Fv2%2Fproduct_cat&post=46033"},{"taxonomy":"product_tag","embeddable":true,"href":"https:\/\/www.csi.gov.mg\/centredoc\/index.php?rest_route=%2Fwp%2Fv2%2Fproduct_tag&post=46033"}],"curies":[{"name":"wp","href":"https:\/\/api.w.org\/{rel}","templated":true}]}}