{"id":46104,"date":"2004-01-01T21:44:11","date_gmt":"2004-01-01T20:44:11","guid":{"rendered":"https:\/\/www.csi.gov.mg\/centredoc\/?post_type=product&#038;p=46104"},"modified":"2023-10-30T21:47:32","modified_gmt":"2023-10-30T20:47:32","slug":"antananarivo-2002-visages-de-lexclusion","status":"publish","type":"product","link":"https:\/\/www.csi.gov.mg\/centredoc\/?product=antananarivo-2002-visages-de-lexclusion","title":{"rendered":"ANTANANARIVO 2002. Visages de l&#8217;exclusion"},"content":{"rendered":"","protected":false},"excerpt":{"rendered":"<p>Qu&#8217;est ce que l&#8217;exclusion ? A Madagascar, tout comme dans la majorit\u00e9 du pays du monde, on parle d&#8217;exclusion quasi quotiennement depuis la derni\u00e8re d\u00e9cennie.<\/p>\n<p><strong>Auteur :<\/strong> COQUELIN Anne Marie, RAFETISON Sarah, RAKOTOMALALA Faniry et al. (AFVP, Ecole Service Social, CAPDAM)<\/p>\n","protected":false},"featured_media":46014,"template":"","meta":[],"product_brand":[153],"product_cat":[170,194,160,178,179],"product_tag":[],"class_list":{"0":"post-46104","1":"product","2":"type-product","3":"status-publish","4":"has-post-thumbnail","6":"product_brand-ouvrage","7":"product_cat-economie","8":"product_cat-pauvrete","9":"product_cat-sciences-economiques","10":"product_cat-sciences-sociales","11":"product_cat-sociologie","14":"first","15":"instock","16":"shipping-taxable","17":"product-type-simple"},"_links":{"self":[{"href":"https:\/\/www.csi.gov.mg\/centredoc\/index.php?rest_route=\/wp\/v2\/product\/46104","targetHints":{"allow":["GET"]}}],"collection":[{"href":"https:\/\/www.csi.gov.mg\/centredoc\/index.php?rest_route=\/wp\/v2\/product"}],"about":[{"href":"https:\/\/www.csi.gov.mg\/centredoc\/index.php?rest_route=\/wp\/v2\/types\/product"}],"wp:featuredmedia":[{"embeddable":true,"href":"https:\/\/www.csi.gov.mg\/centredoc\/index.php?rest_route=\/wp\/v2\/media\/46014"}],"wp:attachment":[{"href":"https:\/\/www.csi.gov.mg\/centredoc\/index.php?rest_route=%2Fwp%2Fv2%2Fmedia&parent=46104"}],"wp:term":[{"taxonomy":"product_brand","embeddable":true,"href":"https:\/\/www.csi.gov.mg\/centredoc\/index.php?rest_route=%2Fwp%2Fv2%2Fproduct_brand&post=46104"},{"taxonomy":"product_cat","embeddable":true,"href":"https:\/\/www.csi.gov.mg\/centredoc\/index.php?rest_route=%2Fwp%2Fv2%2Fproduct_cat&post=46104"},{"taxonomy":"product_tag","embeddable":true,"href":"https:\/\/www.csi.gov.mg\/centredoc\/index.php?rest_route=%2Fwp%2Fv2%2Fproduct_tag&post=46104"}],"curies":[{"name":"wp","href":"https:\/\/api.w.org\/{rel}","templated":true}]}}