{"id":46110,"date":"2005-01-01T22:02:15","date_gmt":"2005-01-01T21:02:15","guid":{"rendered":"https:\/\/www.csi.gov.mg\/centredoc\/?post_type=product&#038;p=46110"},"modified":"2023-11-17T19:06:40","modified_gmt":"2023-11-17T18:06:40","slug":"la-corruption-un-handicap-au-developpement","status":"publish","type":"product","link":"https:\/\/www.csi.gov.mg\/centredoc\/?product=la-corruption-un-handicap-au-developpement","title":{"rendered":"La corruption : un handicap au d\u00e9veloppement."},"content":{"rendered":"","protected":false},"excerpt":{"rendered":"<p>M\u00e9moire de fin d&#8217;Etudes en vue de l&#8217;obtention du dipl\u00f4me de ma\u00eetrise en \u00e9conomie (Facult\u00e9 DEGS Antananarivo)<\/p>\n<p><strong>Auteur :<\/strong> IHARIMIADANA Bakoly Felana<\/p>\n<p>Cote: SS.C I 004<\/p>\n","protected":false},"featured_media":46111,"template":"","meta":[],"product_brand":[155],"product_cat":[147,164,160],"product_tag":[],"class_list":{"0":"post-46110","1":"product","2":"type-product","3":"status-publish","4":"has-post-thumbnail","6":"product_brand-memoire","7":"product_cat-corruption","8":"product_cat-developpement","9":"product_cat-sciences-economiques","12":"first","13":"instock","14":"featured","15":"shipping-taxable","16":"product-type-simple"},"_links":{"self":[{"href":"https:\/\/www.csi.gov.mg\/centredoc\/index.php?rest_route=\/wp\/v2\/product\/46110","targetHints":{"allow":["GET"]}}],"collection":[{"href":"https:\/\/www.csi.gov.mg\/centredoc\/index.php?rest_route=\/wp\/v2\/product"}],"about":[{"href":"https:\/\/www.csi.gov.mg\/centredoc\/index.php?rest_route=\/wp\/v2\/types\/product"}],"wp:featuredmedia":[{"embeddable":true,"href":"https:\/\/www.csi.gov.mg\/centredoc\/index.php?rest_route=\/wp\/v2\/media\/46111"}],"wp:attachment":[{"href":"https:\/\/www.csi.gov.mg\/centredoc\/index.php?rest_route=%2Fwp%2Fv2%2Fmedia&parent=46110"}],"wp:term":[{"taxonomy":"product_brand","embeddable":true,"href":"https:\/\/www.csi.gov.mg\/centredoc\/index.php?rest_route=%2Fwp%2Fv2%2Fproduct_brand&post=46110"},{"taxonomy":"product_cat","embeddable":true,"href":"https:\/\/www.csi.gov.mg\/centredoc\/index.php?rest_route=%2Fwp%2Fv2%2Fproduct_cat&post=46110"},{"taxonomy":"product_tag","embeddable":true,"href":"https:\/\/www.csi.gov.mg\/centredoc\/index.php?rest_route=%2Fwp%2Fv2%2Fproduct_tag&post=46110"}],"curies":[{"name":"wp","href":"https:\/\/api.w.org\/{rel}","templated":true}]}}