{"id":46207,"date":"1996-01-01T07:43:10","date_gmt":"1996-01-01T06:43:10","guid":{"rendered":"https:\/\/www.csi.gov.mg\/centredoc\/?post_type=product&#038;p=46207"},"modified":"2023-11-17T19:16:33","modified_gmt":"2023-11-17T18:16:33","slug":"la-delinquance-economique-et-financiere-enjeux-et-strategies","status":"publish","type":"product","link":"https:\/\/www.csi.gov.mg\/centredoc\/?product=la-delinquance-economique-et-financiere-enjeux-et-strategies","title":{"rendered":"La d\u00e9linquance \u00e9conomique et financi\u00e8re &#8220;Enjeux et strat\u00e9gies&#8221;"},"content":{"rendered":"","protected":false},"excerpt":{"rendered":"<p>Colloque International Antananarivo, 21-23 octobre 1996<\/p>\n<p><strong>Auteur :<\/strong> COJUMA, AMIT, AMITA<\/p>\n<p>Cote: SS.E C 001<\/p>\n","protected":false},"featured_media":46143,"template":"","meta":[],"product_brand":[154],"product_cat":[189,170,160,178],"product_tag":[],"class_list":{"0":"post-46207","1":"product","2":"type-product","3":"status-publish","4":"has-post-thumbnail","6":"product_brand-rapport","7":"product_cat-blanchiment","8":"product_cat-economie","9":"product_cat-sciences-economiques","10":"product_cat-sciences-sociales","13":"first","14":"instock","15":"shipping-taxable","16":"product-type-simple"},"_links":{"self":[{"href":"https:\/\/www.csi.gov.mg\/centredoc\/index.php?rest_route=\/wp\/v2\/product\/46207","targetHints":{"allow":["GET"]}}],"collection":[{"href":"https:\/\/www.csi.gov.mg\/centredoc\/index.php?rest_route=\/wp\/v2\/product"}],"about":[{"href":"https:\/\/www.csi.gov.mg\/centredoc\/index.php?rest_route=\/wp\/v2\/types\/product"}],"wp:featuredmedia":[{"embeddable":true,"href":"https:\/\/www.csi.gov.mg\/centredoc\/index.php?rest_route=\/wp\/v2\/media\/46143"}],"wp:attachment":[{"href":"https:\/\/www.csi.gov.mg\/centredoc\/index.php?rest_route=%2Fwp%2Fv2%2Fmedia&parent=46207"}],"wp:term":[{"taxonomy":"product_brand","embeddable":true,"href":"https:\/\/www.csi.gov.mg\/centredoc\/index.php?rest_route=%2Fwp%2Fv2%2Fproduct_brand&post=46207"},{"taxonomy":"product_cat","embeddable":true,"href":"https:\/\/www.csi.gov.mg\/centredoc\/index.php?rest_route=%2Fwp%2Fv2%2Fproduct_cat&post=46207"},{"taxonomy":"product_tag","embeddable":true,"href":"https:\/\/www.csi.gov.mg\/centredoc\/index.php?rest_route=%2Fwp%2Fv2%2Fproduct_tag&post=46207"}],"curies":[{"name":"wp","href":"https:\/\/api.w.org\/{rel}","templated":true}]}}