{"id":46222,"date":"2004-01-01T18:07:49","date_gmt":"2004-01-01T17:07:49","guid":{"rendered":"https:\/\/www.csi.gov.mg\/centredoc\/?post_type=product&#038;p=46222"},"modified":"2023-11-17T19:21:15","modified_gmt":"2023-11-17T18:21:15","slug":"entreprise-legale-proprietaire-mafieux","status":"publish","type":"product","link":"https:\/\/www.csi.gov.mg\/centredoc\/?product=entreprise-legale-proprietaire-mafieux","title":{"rendered":"Entreprise l\u00e9gale, propri\u00e9taire mafieux"},"content":{"rendered":"","protected":false},"excerpt":{"rendered":"<p>Auteur: CHAMPEYRACHE Clotilde, CNRS<\/p>\n<p>Entreprise l\u00e9gale, propri\u00e9taire mafieux, comment la mafia infiltre l&#8217;\u00e9conomie l\u00e9gale?<\/p>\n<p>Quel est l&#8217;int\u00e9r\u00eat de la mafia \u00e0 investir le champ des activit\u00e9s l\u00e9gales si elle n\u2019abandonne pas pour autant ses activit\u00e9s ill\u00e9gales ? En quoi les entreprises l\u00e9gales cr\u00e9\u00e9es par la mafia sont-elles diff\u00e9rentes des autres entreprises ? Pourquoi l&#8217;infiltration mafieuse dans l&#8217;\u00e9conomie productive l\u00e9gale est-elle un ph\u00e9nom\u00e8ne dangereux et durable qui implique que l&#8217;on doive lutter contre les entreprises l\u00e9gales-mafieuses ?<\/p>\n<p>Cote: SS.E C 006<\/p>\n","protected":false},"featured_media":46147,"template":"","meta":[],"product_brand":[155,153],"product_cat":[147,160],"product_tag":[],"class_list":{"0":"post-46222","1":"product","2":"type-product","3":"status-publish","4":"has-post-thumbnail","6":"product_brand-memoire","7":"product_brand-ouvrage","8":"product_cat-corruption","9":"product_cat-sciences-economiques","12":"first","13":"instock","14":"shipping-taxable","15":"product-type-simple"},"_links":{"self":[{"href":"https:\/\/www.csi.gov.mg\/centredoc\/index.php?rest_route=\/wp\/v2\/product\/46222","targetHints":{"allow":["GET"]}}],"collection":[{"href":"https:\/\/www.csi.gov.mg\/centredoc\/index.php?rest_route=\/wp\/v2\/product"}],"about":[{"href":"https:\/\/www.csi.gov.mg\/centredoc\/index.php?rest_route=\/wp\/v2\/types\/product"}],"wp:featuredmedia":[{"embeddable":true,"href":"https:\/\/www.csi.gov.mg\/centredoc\/index.php?rest_route=\/wp\/v2\/media\/46147"}],"wp:attachment":[{"href":"https:\/\/www.csi.gov.mg\/centredoc\/index.php?rest_route=%2Fwp%2Fv2%2Fmedia&parent=46222"}],"wp:term":[{"taxonomy":"product_brand","embeddable":true,"href":"https:\/\/www.csi.gov.mg\/centredoc\/index.php?rest_route=%2Fwp%2Fv2%2Fproduct_brand&post=46222"},{"taxonomy":"product_cat","embeddable":true,"href":"https:\/\/www.csi.gov.mg\/centredoc\/index.php?rest_route=%2Fwp%2Fv2%2Fproduct_cat&post=46222"},{"taxonomy":"product_tag","embeddable":true,"href":"https:\/\/www.csi.gov.mg\/centredoc\/index.php?rest_route=%2Fwp%2Fv2%2Fproduct_tag&post=46222"}],"curies":[{"name":"wp","href":"https:\/\/api.w.org\/{rel}","templated":true}]}}