{"id":46226,"date":"2011-01-01T10:35:51","date_gmt":"2011-01-01T09:35:51","guid":{"rendered":"https:\/\/www.csi.gov.mg\/centredoc\/?post_type=product&#038;p=46226"},"modified":"2023-11-17T19:24:51","modified_gmt":"2023-11-17T18:24:51","slug":"madagascar-face-aux-enjeux-du-developpement-durable-2","status":"publish","type":"product","link":"https:\/\/www.csi.gov.mg\/centredoc\/?product=madagascar-face-aux-enjeux-du-developpement-durable-2","title":{"rendered":"MADAGASCAR face aux enjeux du d\u00e9veloppement durable"},"content":{"rendered":"","protected":false},"excerpt":{"rendered":"<p>Auteur: CHABOUD christian, FROGER G\u00e9raldine, MERAL Fhilippe, Karthala<\/p>\n<p>MADAGASCAR face aux enjeux du d\u00e9veloppement durable: des<br \/>\npolitiques environnementales \u00e0 l&#8217;action collective locale<\/p>\n<p>Cet ouvrage aborde la question du d\u00e9veloppement durable \u00e0 Madagascar, un pays qui associe \u00e0 une exceptionnelle biodiversit\u00e9 la grande pauvret\u00e9 de la majorit\u00e9 de ses habitants. Il est l\u2019aboutissement de travaux de recherche visant \u00e0 \u00e9tudier les politiques environnementales et l\u2019action collective locale, ins\u00e9r\u00e9es dans des pratiques d&#8217;aide au d\u00e9veloppement.<\/p>\n<p>Cote: SS.E C 014<\/p>\n","protected":false},"featured_media":46153,"template":"","meta":[],"product_brand":[153],"product_cat":[164,168,160],"product_tag":[],"class_list":{"0":"post-46226","1":"product","2":"type-product","3":"status-publish","4":"has-post-thumbnail","6":"product_brand-ouvrage","7":"product_cat-developpement","8":"product_cat-environnement","9":"product_cat-sciences-economiques","12":"first","13":"instock","14":"shipping-taxable","15":"product-type-simple"},"_links":{"self":[{"href":"https:\/\/www.csi.gov.mg\/centredoc\/index.php?rest_route=\/wp\/v2\/product\/46226","targetHints":{"allow":["GET"]}}],"collection":[{"href":"https:\/\/www.csi.gov.mg\/centredoc\/index.php?rest_route=\/wp\/v2\/product"}],"about":[{"href":"https:\/\/www.csi.gov.mg\/centredoc\/index.php?rest_route=\/wp\/v2\/types\/product"}],"wp:featuredmedia":[{"embeddable":true,"href":"https:\/\/www.csi.gov.mg\/centredoc\/index.php?rest_route=\/wp\/v2\/media\/46153"}],"wp:attachment":[{"href":"https:\/\/www.csi.gov.mg\/centredoc\/index.php?rest_route=%2Fwp%2Fv2%2Fmedia&parent=46226"}],"wp:term":[{"taxonomy":"product_brand","embeddable":true,"href":"https:\/\/www.csi.gov.mg\/centredoc\/index.php?rest_route=%2Fwp%2Fv2%2Fproduct_brand&post=46226"},{"taxonomy":"product_cat","embeddable":true,"href":"https:\/\/www.csi.gov.mg\/centredoc\/index.php?rest_route=%2Fwp%2Fv2%2Fproduct_cat&post=46226"},{"taxonomy":"product_tag","embeddable":true,"href":"https:\/\/www.csi.gov.mg\/centredoc\/index.php?rest_route=%2Fwp%2Fv2%2Fproduct_tag&post=46226"}],"curies":[{"name":"wp","href":"https:\/\/api.w.org\/{rel}","templated":true}]}}