{"id":46231,"date":"2004-01-01T20:09:36","date_gmt":"2004-01-01T19:09:36","guid":{"rendered":"https:\/\/www.csi.gov.mg\/centredoc\/?post_type=product&#038;p=46231"},"modified":"2023-11-17T19:35:20","modified_gmt":"2023-11-17T18:35:20","slug":"structures-dappui-financier","status":"publish","type":"product","link":"https:\/\/www.csi.gov.mg\/centredoc\/?product=structures-dappui-financier","title":{"rendered":"Structures d&#8217;appui financier"},"content":{"rendered":"","protected":false},"excerpt":{"rendered":"<p>Auteur: Direction g\u00e9n\u00e9rale du d\u00e9veloppement du secteur priv\u00e9 (DGD), MDE, SCAC<\/p>\n<p>Cote: SS.E D 007<\/p>\n","protected":false},"featured_media":46159,"template":"","meta":[],"product_brand":[158],"product_cat":[166,161,160],"product_tag":[],"class_list":{"0":"post-46231","1":"product","2":"type-product","3":"status-publish","4":"has-post-thumbnail","6":"product_brand-referentiel","7":"product_cat-entrepreunariat","8":"product_cat-finances","9":"product_cat-sciences-economiques","12":"first","13":"instock","14":"shipping-taxable","15":"product-type-simple"},"_links":{"self":[{"href":"https:\/\/www.csi.gov.mg\/centredoc\/index.php?rest_route=\/wp\/v2\/product\/46231","targetHints":{"allow":["GET"]}}],"collection":[{"href":"https:\/\/www.csi.gov.mg\/centredoc\/index.php?rest_route=\/wp\/v2\/product"}],"about":[{"href":"https:\/\/www.csi.gov.mg\/centredoc\/index.php?rest_route=\/wp\/v2\/types\/product"}],"wp:featuredmedia":[{"embeddable":true,"href":"https:\/\/www.csi.gov.mg\/centredoc\/index.php?rest_route=\/wp\/v2\/media\/46159"}],"wp:attachment":[{"href":"https:\/\/www.csi.gov.mg\/centredoc\/index.php?rest_route=%2Fwp%2Fv2%2Fmedia&parent=46231"}],"wp:term":[{"taxonomy":"product_brand","embeddable":true,"href":"https:\/\/www.csi.gov.mg\/centredoc\/index.php?rest_route=%2Fwp%2Fv2%2Fproduct_brand&post=46231"},{"taxonomy":"product_cat","embeddable":true,"href":"https:\/\/www.csi.gov.mg\/centredoc\/index.php?rest_route=%2Fwp%2Fv2%2Fproduct_cat&post=46231"},{"taxonomy":"product_tag","embeddable":true,"href":"https:\/\/www.csi.gov.mg\/centredoc\/index.php?rest_route=%2Fwp%2Fv2%2Fproduct_tag&post=46231"}],"curies":[{"name":"wp","href":"https:\/\/api.w.org\/{rel}","templated":true}]}}