{"id":46232,"date":"2004-01-01T20:21:27","date_gmt":"2004-01-01T19:21:27","guid":{"rendered":"https:\/\/www.csi.gov.mg\/centredoc\/?post_type=product&#038;p=46232"},"modified":"2023-11-17T19:37:04","modified_gmt":"2023-11-17T18:37:04","slug":"madagascar-union-europeenne-45-ans-de-partenariat-1959-2004","status":"publish","type":"product","link":"https:\/\/www.csi.gov.mg\/centredoc\/?product=madagascar-union-europeenne-45-ans-de-partenariat-1959-2004","title":{"rendered":"Madagascar &#8211; Union Europ\u00e9enne. 45 ans de partenariat 1959 &#8211;  2004"},"content":{"rendered":"","protected":false},"excerpt":{"rendered":"<p>Auteur: D\u00e9l\u00e9gation Union Europ\u00e9enne<\/p>\n<p>Cote: SS.E D 010<\/p>\n","protected":false},"featured_media":46160,"template":"","meta":[],"product_brand":[158],"product_cat":[185,164,160],"product_tag":[],"class_list":{"0":"post-46232","1":"product","2":"type-product","3":"status-publish","4":"has-post-thumbnail","6":"product_brand-referentiel","7":"product_cat-cooperation","8":"product_cat-developpement","9":"product_cat-sciences-economiques","12":"first","13":"instock","14":"shipping-taxable","15":"product-type-simple"},"_links":{"self":[{"href":"https:\/\/www.csi.gov.mg\/centredoc\/index.php?rest_route=\/wp\/v2\/product\/46232","targetHints":{"allow":["GET"]}}],"collection":[{"href":"https:\/\/www.csi.gov.mg\/centredoc\/index.php?rest_route=\/wp\/v2\/product"}],"about":[{"href":"https:\/\/www.csi.gov.mg\/centredoc\/index.php?rest_route=\/wp\/v2\/types\/product"}],"wp:featuredmedia":[{"embeddable":true,"href":"https:\/\/www.csi.gov.mg\/centredoc\/index.php?rest_route=\/wp\/v2\/media\/46160"}],"wp:attachment":[{"href":"https:\/\/www.csi.gov.mg\/centredoc\/index.php?rest_route=%2Fwp%2Fv2%2Fmedia&parent=46232"}],"wp:term":[{"taxonomy":"product_brand","embeddable":true,"href":"https:\/\/www.csi.gov.mg\/centredoc\/index.php?rest_route=%2Fwp%2Fv2%2Fproduct_brand&post=46232"},{"taxonomy":"product_cat","embeddable":true,"href":"https:\/\/www.csi.gov.mg\/centredoc\/index.php?rest_route=%2Fwp%2Fv2%2Fproduct_cat&post=46232"},{"taxonomy":"product_tag","embeddable":true,"href":"https:\/\/www.csi.gov.mg\/centredoc\/index.php?rest_route=%2Fwp%2Fv2%2Fproduct_tag&post=46232"}],"curies":[{"name":"wp","href":"https:\/\/api.w.org\/{rel}","templated":true}]}}