{"id":46244,"date":"2005-01-01T18:24:55","date_gmt":"2005-01-01T17:24:55","guid":{"rendered":"https:\/\/www.csi.gov.mg\/centredoc\/?post_type=product&#038;p=46244"},"modified":"2023-11-17T19:44:46","modified_gmt":"2023-11-17T18:44:46","slug":"deontologie-financiere","status":"publish","type":"product","link":"https:\/\/www.csi.gov.mg\/centredoc\/?product=deontologie-financiere","title":{"rendered":"D\u00e9ontologie financi\u00e8re."},"content":{"rendered":"","protected":false},"excerpt":{"rendered":"<p>Auteur: GIZARD Bruno, DESCHANEL Jean Pierre, Revue banque<\/p>\n<p>D\u00e9ontologie financi\u00e8re. Br\u00e8ves le\u00e7ons. Des r\u00e8gles de bonne conduite \u00e0 la lutte anti-blanchiment. 2\u00e8me \u00e9dition<\/p>\n<p>Tout march\u00e9 suppose qu&#8217;acheteurs et vendeurs puissent se faire mutuellement confiance.<\/p>\n<p>Cote: SS.E G 004<\/p>\n","protected":false},"featured_media":46169,"template":"","meta":[],"product_brand":[153],"product_cat":[189,161,160],"product_tag":[],"class_list":{"0":"post-46244","1":"product","2":"type-product","3":"status-publish","4":"has-post-thumbnail","6":"product_brand-ouvrage","7":"product_cat-blanchiment","8":"product_cat-finances","9":"product_cat-sciences-economiques","12":"first","13":"instock","14":"shipping-taxable","15":"product-type-simple"},"_links":{"self":[{"href":"https:\/\/www.csi.gov.mg\/centredoc\/index.php?rest_route=\/wp\/v2\/product\/46244","targetHints":{"allow":["GET"]}}],"collection":[{"href":"https:\/\/www.csi.gov.mg\/centredoc\/index.php?rest_route=\/wp\/v2\/product"}],"about":[{"href":"https:\/\/www.csi.gov.mg\/centredoc\/index.php?rest_route=\/wp\/v2\/types\/product"}],"wp:featuredmedia":[{"embeddable":true,"href":"https:\/\/www.csi.gov.mg\/centredoc\/index.php?rest_route=\/wp\/v2\/media\/46169"}],"wp:attachment":[{"href":"https:\/\/www.csi.gov.mg\/centredoc\/index.php?rest_route=%2Fwp%2Fv2%2Fmedia&parent=46244"}],"wp:term":[{"taxonomy":"product_brand","embeddable":true,"href":"https:\/\/www.csi.gov.mg\/centredoc\/index.php?rest_route=%2Fwp%2Fv2%2Fproduct_brand&post=46244"},{"taxonomy":"product_cat","embeddable":true,"href":"https:\/\/www.csi.gov.mg\/centredoc\/index.php?rest_route=%2Fwp%2Fv2%2Fproduct_cat&post=46244"},{"taxonomy":"product_tag","embeddable":true,"href":"https:\/\/www.csi.gov.mg\/centredoc\/index.php?rest_route=%2Fwp%2Fv2%2Fproduct_tag&post=46244"}],"curies":[{"name":"wp","href":"https:\/\/api.w.org\/{rel}","templated":true}]}}