{"id":46248,"date":"2004-01-17T18:42:43","date_gmt":"2004-01-17T17:42:43","guid":{"rendered":"https:\/\/www.csi.gov.mg\/centredoc\/?post_type=product&#038;p=46248"},"modified":"2023-11-17T19:48:46","modified_gmt":"2023-11-17T18:48:46","slug":"accelerer-les-resultats-de-developpement-economique-2","status":"publish","type":"product","link":"https:\/\/www.csi.gov.mg\/centredoc\/?product=accelerer-les-resultats-de-developpement-economique-2","title":{"rendered":"Acc\u00e9l\u00e9rer les r\u00e9sultats de d\u00e9veloppement \u00e9conomique."},"content":{"rendered":"","protected":false},"excerpt":{"rendered":"<p>Auteur: Institut de la Banque Mondiale<\/p>\n<p>Acc\u00e9l\u00e9rer les r\u00e9sultats de d\u00e9veloppement \u00e9conomique. Colloque Gouvernemental. Antananarivo, 17 janvier 2004. Volume 2<\/p>\n<p>Cote: SS.E I 002<\/p>\n","protected":false},"featured_media":46175,"template":"","meta":[],"product_brand":[191],"product_cat":[182,164,160],"product_tag":[],"class_list":{"0":"post-46248","1":"product","2":"type-product","3":"status-publish","4":"has-post-thumbnail","6":"product_brand-autres","7":"product_cat-bonne-gouvernance","8":"product_cat-developpement","9":"product_cat-sciences-economiques","12":"first","13":"instock","14":"shipping-taxable","15":"product-type-simple"},"_links":{"self":[{"href":"https:\/\/www.csi.gov.mg\/centredoc\/index.php?rest_route=\/wp\/v2\/product\/46248","targetHints":{"allow":["GET"]}}],"collection":[{"href":"https:\/\/www.csi.gov.mg\/centredoc\/index.php?rest_route=\/wp\/v2\/product"}],"about":[{"href":"https:\/\/www.csi.gov.mg\/centredoc\/index.php?rest_route=\/wp\/v2\/types\/product"}],"wp:featuredmedia":[{"embeddable":true,"href":"https:\/\/www.csi.gov.mg\/centredoc\/index.php?rest_route=\/wp\/v2\/media\/46175"}],"wp:attachment":[{"href":"https:\/\/www.csi.gov.mg\/centredoc\/index.php?rest_route=%2Fwp%2Fv2%2Fmedia&parent=46248"}],"wp:term":[{"taxonomy":"product_brand","embeddable":true,"href":"https:\/\/www.csi.gov.mg\/centredoc\/index.php?rest_route=%2Fwp%2Fv2%2Fproduct_brand&post=46248"},{"taxonomy":"product_cat","embeddable":true,"href":"https:\/\/www.csi.gov.mg\/centredoc\/index.php?rest_route=%2Fwp%2Fv2%2Fproduct_cat&post=46248"},{"taxonomy":"product_tag","embeddable":true,"href":"https:\/\/www.csi.gov.mg\/centredoc\/index.php?rest_route=%2Fwp%2Fv2%2Fproduct_tag&post=46248"}],"curies":[{"name":"wp","href":"https:\/\/api.w.org\/{rel}","templated":true}]}}