{"id":46255,"date":"2001-10-01T15:32:13","date_gmt":"2001-10-01T13:32:13","guid":{"rendered":"https:\/\/www.csi.gov.mg\/centredoc\/?post_type=product&#038;p=46255"},"modified":"2023-11-17T20:04:03","modified_gmt":"2023-11-17T19:04:03","slug":"torolalana-ho-anny-benny-tanana","status":"publish","type":"product","link":"https:\/\/www.csi.gov.mg\/centredoc\/?product=torolalana-ho-anny-benny-tanana","title":{"rendered":"Torol\u00e0lana ho an&#8217;ny Ben&#8217;ny tan\u00e0na"},"content":{"rendered":"","protected":false},"excerpt":{"rendered":"<p>Auteur: Minist\u00e8re Economie, Finances et provinces autonome, PNUD<\/p>\n<p>Torol\u00e0lana ho an&#8217;ny Ben&#8217;ny tan\u00e0na. Fiaraha-miasa &#8220;Governemanta malagasy &#8211; sampan-draharahan&#8217;ny firenena mikambana misahana ny fampandrosoana&#8221;. Programme MAG\/97\/007 &#8220;Gouvernance et Politiques Publiques pour un D\u00e9veloppement Humain et Durable&#8221;<\/p>\n<p>Cote: SS.E M 001<\/p>\n","protected":false},"featured_media":46187,"template":"","meta":[],"product_brand":[158],"product_cat":[182,164,161,160],"product_tag":[],"class_list":{"0":"post-46255","1":"product","2":"type-product","3":"status-publish","4":"has-post-thumbnail","6":"product_brand-referentiel","7":"product_cat-bonne-gouvernance","8":"product_cat-developpement","9":"product_cat-finances","10":"product_cat-sciences-economiques","13":"first","14":"instock","15":"shipping-taxable","16":"product-type-simple"},"_links":{"self":[{"href":"https:\/\/www.csi.gov.mg\/centredoc\/index.php?rest_route=\/wp\/v2\/product\/46255","targetHints":{"allow":["GET"]}}],"collection":[{"href":"https:\/\/www.csi.gov.mg\/centredoc\/index.php?rest_route=\/wp\/v2\/product"}],"about":[{"href":"https:\/\/www.csi.gov.mg\/centredoc\/index.php?rest_route=\/wp\/v2\/types\/product"}],"wp:featuredmedia":[{"embeddable":true,"href":"https:\/\/www.csi.gov.mg\/centredoc\/index.php?rest_route=\/wp\/v2\/media\/46187"}],"wp:attachment":[{"href":"https:\/\/www.csi.gov.mg\/centredoc\/index.php?rest_route=%2Fwp%2Fv2%2Fmedia&parent=46255"}],"wp:term":[{"taxonomy":"product_brand","embeddable":true,"href":"https:\/\/www.csi.gov.mg\/centredoc\/index.php?rest_route=%2Fwp%2Fv2%2Fproduct_brand&post=46255"},{"taxonomy":"product_cat","embeddable":true,"href":"https:\/\/www.csi.gov.mg\/centredoc\/index.php?rest_route=%2Fwp%2Fv2%2Fproduct_cat&post=46255"},{"taxonomy":"product_tag","embeddable":true,"href":"https:\/\/www.csi.gov.mg\/centredoc\/index.php?rest_route=%2Fwp%2Fv2%2Fproduct_tag&post=46255"}],"curies":[{"name":"wp","href":"https:\/\/api.w.org\/{rel}","templated":true}]}}