{"id":46258,"date":"2008-06-01T15:53:03","date_gmt":"2008-06-01T13:53:03","guid":{"rendered":"https:\/\/www.csi.gov.mg\/centredoc\/?post_type=product&#038;p=46258"},"modified":"2023-11-27T18:40:21","modified_gmt":"2023-11-27T17:40:21","slug":"presentation-du-cadrage-macro-economique-et-fiscal-du-map","status":"publish","type":"product","link":"https:\/\/www.csi.gov.mg\/centredoc\/?product=presentation-du-cadrage-macro-economique-et-fiscal-du-map","title":{"rendered":"Pr\u00e9sentation du cadrage macro-\u00e9conomique et fiscal du MAP."},"content":{"rendered":"","protected":false},"excerpt":{"rendered":"<p>Auteur: Minist\u00e8re Finances, Budget, Primature<\/p>\n<p>Pr\u00e9sentation du cadrage macro-\u00e9conomique et fiscal du MAP.<br \/>\nFinances et budget. Perspectives<\/p>\n<p>Cote: SS.E M 009<\/p>\n","protected":false},"featured_media":46191,"template":"","meta":[],"product_brand":[154],"product_cat":[161,196,160],"product_tag":[],"class_list":{"0":"post-46258","1":"product","2":"type-product","3":"status-publish","4":"has-post-thumbnail","6":"product_brand-rapport","7":"product_cat-finances","8":"product_cat-fiscal","9":"product_cat-sciences-economiques","12":"first","13":"instock","14":"shipping-taxable","15":"product-type-simple"},"_links":{"self":[{"href":"https:\/\/www.csi.gov.mg\/centredoc\/index.php?rest_route=\/wp\/v2\/product\/46258","targetHints":{"allow":["GET"]}}],"collection":[{"href":"https:\/\/www.csi.gov.mg\/centredoc\/index.php?rest_route=\/wp\/v2\/product"}],"about":[{"href":"https:\/\/www.csi.gov.mg\/centredoc\/index.php?rest_route=\/wp\/v2\/types\/product"}],"wp:featuredmedia":[{"embeddable":true,"href":"https:\/\/www.csi.gov.mg\/centredoc\/index.php?rest_route=\/wp\/v2\/media\/46191"}],"wp:attachment":[{"href":"https:\/\/www.csi.gov.mg\/centredoc\/index.php?rest_route=%2Fwp%2Fv2%2Fmedia&parent=46258"}],"wp:term":[{"taxonomy":"product_brand","embeddable":true,"href":"https:\/\/www.csi.gov.mg\/centredoc\/index.php?rest_route=%2Fwp%2Fv2%2Fproduct_brand&post=46258"},{"taxonomy":"product_cat","embeddable":true,"href":"https:\/\/www.csi.gov.mg\/centredoc\/index.php?rest_route=%2Fwp%2Fv2%2Fproduct_cat&post=46258"},{"taxonomy":"product_tag","embeddable":true,"href":"https:\/\/www.csi.gov.mg\/centredoc\/index.php?rest_route=%2Fwp%2Fv2%2Fproduct_tag&post=46258"}],"curies":[{"name":"wp","href":"https:\/\/api.w.org\/{rel}","templated":true}]}}