{"id":46259,"date":"2008-03-01T15:57:19","date_gmt":"2008-03-01T14:57:19","guid":{"rendered":"https:\/\/www.csi.gov.mg\/centredoc\/?post_type=product&#038;p=46259"},"modified":"2023-11-27T18:42:05","modified_gmt":"2023-11-27T17:42:05","slug":"rapport-de-progres-de-la-mise-en-oeuvre-du-map","status":"publish","type":"product","link":"https:\/\/www.csi.gov.mg\/centredoc\/?product=rapport-de-progres-de-la-mise-en-oeuvre-du-map","title":{"rendered":"Rapport de progr\u00e8s de la mise en \u0153uvre du MAP"},"content":{"rendered":"","protected":false},"excerpt":{"rendered":"<p>Rapport de progr\u00e8s de la mise en \u0153uvre du MAP. Ann\u00e9e 2007<\/p>\n<p>Auteur: Minist\u00e8re Economie, Commerce et Industrie<\/p>\n<p>Cote: SS.E M 010<\/p>\n","protected":false},"featured_media":46192,"template":"","meta":[],"product_brand":[154],"product_cat":[165,164,160],"product_tag":[],"class_list":{"0":"post-46259","1":"product","2":"type-product","3":"status-publish","4":"has-post-thumbnail","6":"product_brand-rapport","7":"product_cat-commerce","8":"product_cat-developpement","9":"product_cat-sciences-economiques","12":"first","13":"instock","14":"shipping-taxable","15":"product-type-simple"},"_links":{"self":[{"href":"https:\/\/www.csi.gov.mg\/centredoc\/index.php?rest_route=\/wp\/v2\/product\/46259","targetHints":{"allow":["GET"]}}],"collection":[{"href":"https:\/\/www.csi.gov.mg\/centredoc\/index.php?rest_route=\/wp\/v2\/product"}],"about":[{"href":"https:\/\/www.csi.gov.mg\/centredoc\/index.php?rest_route=\/wp\/v2\/types\/product"}],"wp:featuredmedia":[{"embeddable":true,"href":"https:\/\/www.csi.gov.mg\/centredoc\/index.php?rest_route=\/wp\/v2\/media\/46192"}],"wp:attachment":[{"href":"https:\/\/www.csi.gov.mg\/centredoc\/index.php?rest_route=%2Fwp%2Fv2%2Fmedia&parent=46259"}],"wp:term":[{"taxonomy":"product_brand","embeddable":true,"href":"https:\/\/www.csi.gov.mg\/centredoc\/index.php?rest_route=%2Fwp%2Fv2%2Fproduct_brand&post=46259"},{"taxonomy":"product_cat","embeddable":true,"href":"https:\/\/www.csi.gov.mg\/centredoc\/index.php?rest_route=%2Fwp%2Fv2%2Fproduct_cat&post=46259"},{"taxonomy":"product_tag","embeddable":true,"href":"https:\/\/www.csi.gov.mg\/centredoc\/index.php?rest_route=%2Fwp%2Fv2%2Fproduct_tag&post=46259"}],"curies":[{"name":"wp","href":"https:\/\/api.w.org\/{rel}","templated":true}]}}