{"id":46262,"date":"2005-01-01T10:07:07","date_gmt":"2005-01-01T09:07:07","guid":{"rendered":"https:\/\/www.csi.gov.mg\/centredoc\/?post_type=product&#038;p=46262"},"modified":"2023-11-27T18:50:07","modified_gmt":"2023-11-27T17:50:07","slug":"gerer-les-conflits-dans-le-service-public","status":"publish","type":"product","link":"https:\/\/www.csi.gov.mg\/centredoc\/?product=gerer-les-conflits-dans-le-service-public","title":{"rendered":"G\u00e9rer les conflits dans le service public."},"content":{"rendered":"","protected":false},"excerpt":{"rendered":"<p>G\u00e9rer les conflits dans le service public. Lignes directrices de l&#8217;OCDE et Exp\u00e9riences nationales<br \/>\nAuteur: Organisation de Coop\u00e9ration de D\u00e9veloppement Economique (OCDE)<\/p>\n<p>Les conflits d&#8217;int\u00e9r\u00eats sont aujourd&#8217;hui un th\u00e8me essentiel du d\u00e9bat de soci\u00e9t\u00e9 dans le monde entier.<\/p>\n<p>Cote: SS.E O 001<\/p>\n","protected":false},"featured_media":46197,"template":"","meta":[],"product_brand":[153],"product_cat":[160,195],"product_tag":[],"class_list":{"0":"post-46262","1":"product","2":"type-product","3":"status-publish","4":"has-post-thumbnail","6":"product_brand-ouvrage","7":"product_cat-sciences-economiques","8":"product_cat-service-public","11":"first","12":"instock","13":"shipping-taxable","14":"product-type-simple"},"_links":{"self":[{"href":"https:\/\/www.csi.gov.mg\/centredoc\/index.php?rest_route=\/wp\/v2\/product\/46262","targetHints":{"allow":["GET"]}}],"collection":[{"href":"https:\/\/www.csi.gov.mg\/centredoc\/index.php?rest_route=\/wp\/v2\/product"}],"about":[{"href":"https:\/\/www.csi.gov.mg\/centredoc\/index.php?rest_route=\/wp\/v2\/types\/product"}],"wp:featuredmedia":[{"embeddable":true,"href":"https:\/\/www.csi.gov.mg\/centredoc\/index.php?rest_route=\/wp\/v2\/media\/46197"}],"wp:attachment":[{"href":"https:\/\/www.csi.gov.mg\/centredoc\/index.php?rest_route=%2Fwp%2Fv2%2Fmedia&parent=46262"}],"wp:term":[{"taxonomy":"product_brand","embeddable":true,"href":"https:\/\/www.csi.gov.mg\/centredoc\/index.php?rest_route=%2Fwp%2Fv2%2Fproduct_brand&post=46262"},{"taxonomy":"product_cat","embeddable":true,"href":"https:\/\/www.csi.gov.mg\/centredoc\/index.php?rest_route=%2Fwp%2Fv2%2Fproduct_cat&post=46262"},{"taxonomy":"product_tag","embeddable":true,"href":"https:\/\/www.csi.gov.mg\/centredoc\/index.php?rest_route=%2Fwp%2Fv2%2Fproduct_tag&post=46262"}],"curies":[{"name":"wp","href":"https:\/\/api.w.org\/{rel}","templated":true}]}}