{"id":46263,"date":"2005-01-01T10:16:39","date_gmt":"2005-01-01T09:16:39","guid":{"rendered":"https:\/\/www.csi.gov.mg\/centredoc\/?post_type=product&#038;p=46263"},"modified":"2023-11-27T19:02:00","modified_gmt":"2023-11-27T18:02:00","slug":"guide-pour-les-entreprises-du-secteur-tourisme-hotellerie","status":"publish","type":"product","link":"https:\/\/www.csi.gov.mg\/centredoc\/?product=guide-pour-les-entreprises-du-secteur-tourisme-hotellerie","title":{"rendered":"Guide pour les entreprises du secteur &#8220;Tourisme &#8211; H\u00f4tellerie&#8221;."},"content":{"rendered":"","protected":false},"excerpt":{"rendered":"<p>Guide pour les entreprises du secteur &#8220;Tourisme &#8211; Hotellerie&#8221;. Plan comptable g\u00e9n\u00e9ral 2005 coh\u00e9rent avec les normes comptables internationales (IAS\/IFRS)<br \/>\nAuteur: Ordre des Experts Comptables et Financiers de Madagascar (OECFM), Instat, Jurid&#8217;ika<\/p>\n<p>Cote: SS.E O 002<\/p>\n","protected":false},"featured_media":46199,"template":"","meta":[],"product_brand":[191],"product_cat":[161,160],"product_tag":[],"class_list":{"0":"post-46263","1":"product","2":"type-product","3":"status-publish","4":"has-post-thumbnail","6":"product_brand-autres","7":"product_cat-finances","8":"product_cat-sciences-economiques","11":"first","12":"instock","13":"shipping-taxable","14":"product-type-simple"},"_links":{"self":[{"href":"https:\/\/www.csi.gov.mg\/centredoc\/index.php?rest_route=\/wp\/v2\/product\/46263","targetHints":{"allow":["GET"]}}],"collection":[{"href":"https:\/\/www.csi.gov.mg\/centredoc\/index.php?rest_route=\/wp\/v2\/product"}],"about":[{"href":"https:\/\/www.csi.gov.mg\/centredoc\/index.php?rest_route=\/wp\/v2\/types\/product"}],"wp:featuredmedia":[{"embeddable":true,"href":"https:\/\/www.csi.gov.mg\/centredoc\/index.php?rest_route=\/wp\/v2\/media\/46199"}],"wp:attachment":[{"href":"https:\/\/www.csi.gov.mg\/centredoc\/index.php?rest_route=%2Fwp%2Fv2%2Fmedia&parent=46263"}],"wp:term":[{"taxonomy":"product_brand","embeddable":true,"href":"https:\/\/www.csi.gov.mg\/centredoc\/index.php?rest_route=%2Fwp%2Fv2%2Fproduct_brand&post=46263"},{"taxonomy":"product_cat","embeddable":true,"href":"https:\/\/www.csi.gov.mg\/centredoc\/index.php?rest_route=%2Fwp%2Fv2%2Fproduct_cat&post=46263"},{"taxonomy":"product_tag","embeddable":true,"href":"https:\/\/www.csi.gov.mg\/centredoc\/index.php?rest_route=%2Fwp%2Fv2%2Fproduct_tag&post=46263"}],"curies":[{"name":"wp","href":"https:\/\/api.w.org\/{rel}","templated":true}]}}