{"id":46271,"date":"2011-08-01T10:55:21","date_gmt":"2011-08-01T08:55:21","guid":{"rendered":"https:\/\/www.csi.gov.mg\/centredoc\/?post_type=product&#038;p=46271"},"modified":"2023-11-16T13:50:50","modified_gmt":"2023-11-16T12:50:50","slug":"enquete-periodique-aupres-des-menages-2010","status":"publish","type":"product","link":"https:\/\/www.csi.gov.mg\/centredoc\/?product=enquete-periodique-aupres-des-menages-2010","title":{"rendered":"Enqu\u00eate p\u00e9riodique aupr\u00e8s des m\u00e9nages 2010"},"content":{"rendered":"","protected":false},"excerpt":{"rendered":"<p>Auteur: INSTAT<\/p>\n<p>Cote: SS.E I 006<\/p>\n","protected":false},"featured_media":46180,"template":"","meta":[],"product_brand":[154],"product_cat":[178,197],"product_tag":[],"class_list":{"0":"post-46271","1":"product","2":"type-product","3":"status-publish","4":"has-post-thumbnail","6":"product_brand-rapport","7":"product_cat-sciences-sociales","8":"product_cat-suivi-evaluation","11":"first","12":"instock","13":"shipping-taxable","14":"product-type-simple"},"_links":{"self":[{"href":"https:\/\/www.csi.gov.mg\/centredoc\/index.php?rest_route=\/wp\/v2\/product\/46271","targetHints":{"allow":["GET"]}}],"collection":[{"href":"https:\/\/www.csi.gov.mg\/centredoc\/index.php?rest_route=\/wp\/v2\/product"}],"about":[{"href":"https:\/\/www.csi.gov.mg\/centredoc\/index.php?rest_route=\/wp\/v2\/types\/product"}],"wp:featuredmedia":[{"embeddable":true,"href":"https:\/\/www.csi.gov.mg\/centredoc\/index.php?rest_route=\/wp\/v2\/media\/46180"}],"wp:attachment":[{"href":"https:\/\/www.csi.gov.mg\/centredoc\/index.php?rest_route=%2Fwp%2Fv2%2Fmedia&parent=46271"}],"wp:term":[{"taxonomy":"product_brand","embeddable":true,"href":"https:\/\/www.csi.gov.mg\/centredoc\/index.php?rest_route=%2Fwp%2Fv2%2Fproduct_brand&post=46271"},{"taxonomy":"product_cat","embeddable":true,"href":"https:\/\/www.csi.gov.mg\/centredoc\/index.php?rest_route=%2Fwp%2Fv2%2Fproduct_cat&post=46271"},{"taxonomy":"product_tag","embeddable":true,"href":"https:\/\/www.csi.gov.mg\/centredoc\/index.php?rest_route=%2Fwp%2Fv2%2Fproduct_tag&post=46271"}],"curies":[{"name":"wp","href":"https:\/\/api.w.org\/{rel}","templated":true}]}}