{"id":46272,"date":"2006-01-01T10:59:39","date_gmt":"2006-01-01T09:59:39","guid":{"rendered":"https:\/\/www.csi.gov.mg\/centredoc\/?post_type=product&#038;p=46272"},"modified":"2023-11-17T20:15:44","modified_gmt":"2023-11-17T19:15:44","slug":"strategie-de-ladministration-des-douanes-malagasy","status":"publish","type":"product","link":"https:\/\/www.csi.gov.mg\/centredoc\/?product=strategie-de-ladministration-des-douanes-malagasy","title":{"rendered":"Strat\u00e9gie de l&#8217;Administration des Douanes Malagasy"},"content":{"rendered":"","protected":false},"excerpt":{"rendered":"<p>Auteur: Minist\u00e8re Economie, Finances et Budget, Douanes, Organisation Mondiale des Douanes<\/p>\n<p>Strat\u00e9gie de l&#8217;Administration des douanes malagasy. 06\/2005 &#8211; 12\/2007. &#8220;Une administration au service de l&#8217;\u00e9conomie nationale, de la soci\u00e9t\u00e9 civile et de l&#8217;ouverture sur le monde&#8221;<\/p>\n<p>Cote: SS.E M 006<\/p>\n","protected":false},"featured_media":46189,"template":"","meta":[],"product_brand":[158],"product_cat":[167,161,160],"product_tag":[],"class_list":{"0":"post-46272","1":"product","2":"type-product","3":"status-publish","4":"has-post-thumbnail","6":"product_brand-referentiel","7":"product_cat-douanes","8":"product_cat-finances","9":"product_cat-sciences-economiques","12":"first","13":"instock","14":"shipping-taxable","15":"product-type-simple"},"_links":{"self":[{"href":"https:\/\/www.csi.gov.mg\/centredoc\/index.php?rest_route=\/wp\/v2\/product\/46272","targetHints":{"allow":["GET"]}}],"collection":[{"href":"https:\/\/www.csi.gov.mg\/centredoc\/index.php?rest_route=\/wp\/v2\/product"}],"about":[{"href":"https:\/\/www.csi.gov.mg\/centredoc\/index.php?rest_route=\/wp\/v2\/types\/product"}],"wp:featuredmedia":[{"embeddable":true,"href":"https:\/\/www.csi.gov.mg\/centredoc\/index.php?rest_route=\/wp\/v2\/media\/46189"}],"wp:attachment":[{"href":"https:\/\/www.csi.gov.mg\/centredoc\/index.php?rest_route=%2Fwp%2Fv2%2Fmedia&parent=46272"}],"wp:term":[{"taxonomy":"product_brand","embeddable":true,"href":"https:\/\/www.csi.gov.mg\/centredoc\/index.php?rest_route=%2Fwp%2Fv2%2Fproduct_brand&post=46272"},{"taxonomy":"product_cat","embeddable":true,"href":"https:\/\/www.csi.gov.mg\/centredoc\/index.php?rest_route=%2Fwp%2Fv2%2Fproduct_cat&post=46272"},{"taxonomy":"product_tag","embeddable":true,"href":"https:\/\/www.csi.gov.mg\/centredoc\/index.php?rest_route=%2Fwp%2Fv2%2Fproduct_tag&post=46272"}],"curies":[{"name":"wp","href":"https:\/\/api.w.org\/{rel}","templated":true}]}}