{"id":46284,"date":"2006-01-01T18:04:38","date_gmt":"2006-01-01T17:04:38","guid":{"rendered":"https:\/\/www.csi.gov.mg\/centredoc\/?post_type=product&#038;p=46284"},"modified":"2023-11-16T13:53:56","modified_gmt":"2023-11-16T12:53:56","slug":"rapport-final-du-comite-preparatoire","status":"publish","type":"product","link":"https:\/\/www.csi.gov.mg\/centredoc\/?product=rapport-final-du-comite-preparatoire","title":{"rendered":"Rapport final du comit\u00e9 pr\u00e9paratoire."},"content":{"rendered":"","protected":false},"excerpt":{"rendered":"<p>Auteur: Programme National Bonne Gouvernance Participation Citoyenne<\/p>\n<p>Rapport final du comit\u00e9 pr\u00e9paratoire. A l&#8217;issue de l&#8217;atelier intitul\u00e9 &#8220;Participation citoyenne \u00e0 la Bonne Gouvernance&#8221;, les 12 et 13 d\u00e9cembre 2005<\/p>\n<p>Cote: SS.E P 014<\/p>\n","protected":false},"featured_media":46277,"template":"","meta":[],"product_brand":[154],"product_cat":[182,164,170,178],"product_tag":[],"class_list":{"0":"post-46284","1":"product","2":"type-product","3":"status-publish","4":"has-post-thumbnail","6":"product_brand-rapport","7":"product_cat-bonne-gouvernance","8":"product_cat-developpement","9":"product_cat-economie","10":"product_cat-sciences-sociales","13":"first","14":"instock","15":"shipping-taxable","16":"product-type-simple"},"_links":{"self":[{"href":"https:\/\/www.csi.gov.mg\/centredoc\/index.php?rest_route=\/wp\/v2\/product\/46284","targetHints":{"allow":["GET"]}}],"collection":[{"href":"https:\/\/www.csi.gov.mg\/centredoc\/index.php?rest_route=\/wp\/v2\/product"}],"about":[{"href":"https:\/\/www.csi.gov.mg\/centredoc\/index.php?rest_route=\/wp\/v2\/types\/product"}],"wp:featuredmedia":[{"embeddable":true,"href":"https:\/\/www.csi.gov.mg\/centredoc\/index.php?rest_route=\/wp\/v2\/media\/46277"}],"wp:attachment":[{"href":"https:\/\/www.csi.gov.mg\/centredoc\/index.php?rest_route=%2Fwp%2Fv2%2Fmedia&parent=46284"}],"wp:term":[{"taxonomy":"product_brand","embeddable":true,"href":"https:\/\/www.csi.gov.mg\/centredoc\/index.php?rest_route=%2Fwp%2Fv2%2Fproduct_brand&post=46284"},{"taxonomy":"product_cat","embeddable":true,"href":"https:\/\/www.csi.gov.mg\/centredoc\/index.php?rest_route=%2Fwp%2Fv2%2Fproduct_cat&post=46284"},{"taxonomy":"product_tag","embeddable":true,"href":"https:\/\/www.csi.gov.mg\/centredoc\/index.php?rest_route=%2Fwp%2Fv2%2Fproduct_tag&post=46284"}],"curies":[{"name":"wp","href":"https:\/\/api.w.org\/{rel}","templated":true}]}}