{"id":46285,"date":"2006-07-28T18:08:23","date_gmt":"2006-07-28T16:08:23","guid":{"rendered":"https:\/\/www.csi.gov.mg\/centredoc\/?post_type=product&#038;p=46285"},"modified":"2023-11-16T13:55:07","modified_gmt":"2023-11-16T12:55:07","slug":"madagascar-governance-and-institutional-development-project-pgdi-mid-term-review","status":"publish","type":"product","link":"https:\/\/www.csi.gov.mg\/centredoc\/?product=madagascar-governance-and-institutional-development-project-pgdi-mid-term-review","title":{"rendered":"MADAGASCAR. Governance and institutional development  project (PGDI). Mid-term review"},"content":{"rendered":"","protected":false},"excerpt":{"rendered":"<p>Auteur: Programme pour la Bonne Gouvernance, le D\u00e9veloppement Institutionnel et la R\u00e9duction de la Pauvret\u00e9 (PGDI)<\/p>\n<p>Cote: SS.E P 015<\/p>\n","protected":false},"featured_media":46278,"template":"","meta":[],"product_brand":[154],"product_cat":[164,161,148,160],"product_tag":[],"class_list":{"0":"post-46285","1":"product","2":"type-product","3":"status-publish","4":"has-post-thumbnail","6":"product_brand-rapport","7":"product_cat-developpement","8":"product_cat-finances","9":"product_cat-gouvernance-economique","10":"product_cat-sciences-economiques","13":"first","14":"instock","15":"shipping-taxable","16":"product-type-simple"},"_links":{"self":[{"href":"https:\/\/www.csi.gov.mg\/centredoc\/index.php?rest_route=\/wp\/v2\/product\/46285","targetHints":{"allow":["GET"]}}],"collection":[{"href":"https:\/\/www.csi.gov.mg\/centredoc\/index.php?rest_route=\/wp\/v2\/product"}],"about":[{"href":"https:\/\/www.csi.gov.mg\/centredoc\/index.php?rest_route=\/wp\/v2\/types\/product"}],"wp:featuredmedia":[{"embeddable":true,"href":"https:\/\/www.csi.gov.mg\/centredoc\/index.php?rest_route=\/wp\/v2\/media\/46278"}],"wp:attachment":[{"href":"https:\/\/www.csi.gov.mg\/centredoc\/index.php?rest_route=%2Fwp%2Fv2%2Fmedia&parent=46285"}],"wp:term":[{"taxonomy":"product_brand","embeddable":true,"href":"https:\/\/www.csi.gov.mg\/centredoc\/index.php?rest_route=%2Fwp%2Fv2%2Fproduct_brand&post=46285"},{"taxonomy":"product_cat","embeddable":true,"href":"https:\/\/www.csi.gov.mg\/centredoc\/index.php?rest_route=%2Fwp%2Fv2%2Fproduct_cat&post=46285"},{"taxonomy":"product_tag","embeddable":true,"href":"https:\/\/www.csi.gov.mg\/centredoc\/index.php?rest_route=%2Fwp%2Fv2%2Fproduct_tag&post=46285"}],"curies":[{"name":"wp","href":"https:\/\/api.w.org\/{rel}","templated":true}]}}