{"id":46288,"date":"2005-01-01T18:18:51","date_gmt":"2005-01-01T17:18:51","guid":{"rendered":"https:\/\/www.csi.gov.mg\/centredoc\/?post_type=product&#038;p=46288"},"modified":"2023-11-16T13:58:41","modified_gmt":"2023-11-16T12:58:41","slug":"code-des-marches-publics","status":"publish","type":"product","link":"https:\/\/www.csi.gov.mg\/centredoc\/?product=code-des-marches-publics","title":{"rendered":"Code des March\u00e9s Publics"},"content":{"rendered":"","protected":false},"excerpt":{"rendered":"<p>Auteur: Pr\u00e9sidence de la R\u00e9publique Malgache, Imprimerie Nationale<\/p>\n<p>Code des March\u00e9s Publics. Fascicule 1. Loi n\u00b0 2004-009. Extrait du J.O.R.M N\u00b02932 du 4 octobre 2004 . 61 articles<\/p>\n<p>Cote: SS.E P 019<\/p>\n","protected":false},"featured_media":46281,"template":"","meta":[],"product_brand":[158,156],"product_cat":[161,160,195],"product_tag":[],"class_list":{"0":"post-46288","1":"product","2":"type-product","3":"status-publish","4":"has-post-thumbnail","6":"product_brand-referentiel","7":"product_brand-usuel","8":"product_cat-finances","9":"product_cat-sciences-economiques","10":"product_cat-service-public","13":"first","14":"instock","15":"shipping-taxable","16":"product-type-simple"},"_links":{"self":[{"href":"https:\/\/www.csi.gov.mg\/centredoc\/index.php?rest_route=\/wp\/v2\/product\/46288","targetHints":{"allow":["GET"]}}],"collection":[{"href":"https:\/\/www.csi.gov.mg\/centredoc\/index.php?rest_route=\/wp\/v2\/product"}],"about":[{"href":"https:\/\/www.csi.gov.mg\/centredoc\/index.php?rest_route=\/wp\/v2\/types\/product"}],"wp:featuredmedia":[{"embeddable":true,"href":"https:\/\/www.csi.gov.mg\/centredoc\/index.php?rest_route=\/wp\/v2\/media\/46281"}],"wp:attachment":[{"href":"https:\/\/www.csi.gov.mg\/centredoc\/index.php?rest_route=%2Fwp%2Fv2%2Fmedia&parent=46288"}],"wp:term":[{"taxonomy":"product_brand","embeddable":true,"href":"https:\/\/www.csi.gov.mg\/centredoc\/index.php?rest_route=%2Fwp%2Fv2%2Fproduct_brand&post=46288"},{"taxonomy":"product_cat","embeddable":true,"href":"https:\/\/www.csi.gov.mg\/centredoc\/index.php?rest_route=%2Fwp%2Fv2%2Fproduct_cat&post=46288"},{"taxonomy":"product_tag","embeddable":true,"href":"https:\/\/www.csi.gov.mg\/centredoc\/index.php?rest_route=%2Fwp%2Fv2%2Fproduct_tag&post=46288"}],"curies":[{"name":"wp","href":"https:\/\/api.w.org\/{rel}","templated":true}]}}