{"id":46291,"date":"2007-01-01T18:30:01","date_gmt":"2007-01-01T17:30:01","guid":{"rendered":"https:\/\/www.csi.gov.mg\/centredoc\/?post_type=product&#038;p=46291"},"modified":"2023-11-16T14:00:44","modified_gmt":"2023-11-16T13:00:44","slug":"madagascar-naturellement-une-vision-pour-madagascar-et-ses-regions","status":"publish","type":"product","link":"https:\/\/www.csi.gov.mg\/centredoc\/?product=madagascar-naturellement-une-vision-pour-madagascar-et-ses-regions","title":{"rendered":"Madagascar naturellement. Une vision pour Madagascar et ses  r\u00e9gions"},"content":{"rendered":"","protected":false},"excerpt":{"rendered":"<p>Auteur: Pr\u00e9sidence de la R\u00e9publique<\/p>\n<p>Cote: SS.E P 025<\/p>\n","protected":false},"featured_media":46283,"template":"","meta":[],"product_brand":[153,158],"product_cat":[164,170,178],"product_tag":[],"class_list":{"0":"post-46291","1":"product","2":"type-product","3":"status-publish","4":"has-post-thumbnail","6":"product_brand-ouvrage","7":"product_brand-referentiel","8":"product_cat-developpement","9":"product_cat-economie","10":"product_cat-sciences-sociales","13":"first","14":"instock","15":"shipping-taxable","16":"product-type-simple"},"_links":{"self":[{"href":"https:\/\/www.csi.gov.mg\/centredoc\/index.php?rest_route=\/wp\/v2\/product\/46291","targetHints":{"allow":["GET"]}}],"collection":[{"href":"https:\/\/www.csi.gov.mg\/centredoc\/index.php?rest_route=\/wp\/v2\/product"}],"about":[{"href":"https:\/\/www.csi.gov.mg\/centredoc\/index.php?rest_route=\/wp\/v2\/types\/product"}],"wp:featuredmedia":[{"embeddable":true,"href":"https:\/\/www.csi.gov.mg\/centredoc\/index.php?rest_route=\/wp\/v2\/media\/46283"}],"wp:attachment":[{"href":"https:\/\/www.csi.gov.mg\/centredoc\/index.php?rest_route=%2Fwp%2Fv2%2Fmedia&parent=46291"}],"wp:term":[{"taxonomy":"product_brand","embeddable":true,"href":"https:\/\/www.csi.gov.mg\/centredoc\/index.php?rest_route=%2Fwp%2Fv2%2Fproduct_brand&post=46291"},{"taxonomy":"product_cat","embeddable":true,"href":"https:\/\/www.csi.gov.mg\/centredoc\/index.php?rest_route=%2Fwp%2Fv2%2Fproduct_cat&post=46291"},{"taxonomy":"product_tag","embeddable":true,"href":"https:\/\/www.csi.gov.mg\/centredoc\/index.php?rest_route=%2Fwp%2Fv2%2Fproduct_tag&post=46291"}],"curies":[{"name":"wp","href":"https:\/\/api.w.org\/{rel}","templated":true}]}}